{"id":7280,"date":"2023-11-06T16:09:08","date_gmt":"2023-11-06T15:09:08","guid":{"rendered":"https:\/\/www.set.ch\/?page_id=7280"},"modified":"2023-11-06T16:09:08","modified_gmt":"2023-11-06T15:09:08","slug":"spenden","status":"publish","type":"page","link":"https:\/\/www.set.ch\/it\/spenden\/","title":{"rendered":"Spenden"},"content":{"rendered":"<p>Die SET Stiftung Erziehung zur Toleranz erarbeitet und f\u00f6rdert Lehrmittel, Unterrichts- und Informationsmaterial, die dem friedlichen Zusammenleben in unserer pluralistischen Gesellschaft in der Schweiz dienen, zur Toleranz gegen\u00fcber Minderheiten erziehen sowie Rassismus und Antisemitismus abbauen.<\/p>\n<p>Die Projekte im Bildungsbereich werden mit Beitr\u00e4gen aus staatlichen und privaten Quellen finanziert aber f\u00fcr die l\u00e4ngerfristige Sicherstellung der Grundfunktionen und f\u00fcr die Projektentwicklung ist die SET auf ausserordentliche Spenden und Legate angewiesen. Spenden sind in diversen Kantonen steuerlich abziehbar. Sie k\u00f6nnen das Formular Unten benutzen oder das SET Spendenkonto:<\/p>\n<p>Z\u00fcrcher Kantonalbank 80-151-4<br \/>\nKt.1132-0188.549<br \/>\nIBAN CH85 0070 0113 2001 8854 9<br \/>\nlautend auf Stiftung Erziehung zur Toleranz, Postfach, 8027 Z\u00fcrich<\/p>\n<p>&nbsp;<\/p>\n","protected":false},"excerpt":{"rendered":"<p>Die SET Stiftung Erziehung zur Toleranz erarbeitet und f\u00f6rdert Lehrmittel, Unterrichts- und Informationsmaterial, die dem friedlichen Zusammenleben in unserer pluralistischen Gesellschaft in der Schweiz dienen, zur Toleranz gegen\u00fcber Minderheiten erziehen sowie Rassismus und Antisemitismus abbauen. Die Projekte im Bildungsbereich werden<span class=\"read-more-cbtn\"> [weiterlesen]<\/span><\/p>\n","protected":false},"author":7,"featured_media":6962,"parent":0,"menu_order":17,"comment_status":"closed","ping_status":"closed","template":"page-templates\/page-donate.php","meta":{"inline_featured_image":false,"footnotes":""},"class_list":["post-7280","page","type-page","status-publish","has-post-thumbnail","hentry"],"aioseo_notices":[],"_links":{"self":[{"href":"https:\/\/www.set.ch\/it\/wp-json\/wp\/v2\/pages\/7280","targetHints":{"allow":["GET"]}}],"collection":[{"href":"https:\/\/www.set.ch\/it\/wp-json\/wp\/v2\/pages"}],"about":[{"href":"https:\/\/www.set.ch\/it\/wp-json\/wp\/v2\/types\/page"}],"author":[{"embeddable":true,"href":"https:\/\/www.set.ch\/it\/wp-json\/wp\/v2\/users\/7"}],"replies":[{"embeddable":true,"href":"https:\/\/www.set.ch\/it\/wp-json\/wp\/v2\/comments?post=7280"}],"version-history":[{"count":1,"href":"https:\/\/www.set.ch\/it\/wp-json\/wp\/v2\/pages\/7280\/revisions"}],"predecessor-version":[{"id":7281,"href":"https:\/\/www.set.ch\/it\/wp-json\/wp\/v2\/pages\/7280\/revisions\/7281"}],"wp:featuredmedia":[{"embeddable":true,"href":"https:\/\/www.set.ch\/it\/wp-json\/wp\/v2\/media\/6962"}],"wp:attachment":[{"href":"https:\/\/www.set.ch\/it\/wp-json\/wp\/v2\/media?parent=7280"}],"curies":[{"name":"wp","href":"https:\/\/api.w.org\/{rel}","templated":true}]}}