{"id":7278,"date":"2023-11-06T16:08:53","date_gmt":"2023-11-06T15:08:53","guid":{"rendered":"https:\/\/www.set.ch\/?page_id=7278"},"modified":"2023-11-06T16:08:53","modified_gmt":"2023-11-06T15:08:53","slug":"uber-uns","status":"publish","type":"page","link":"https:\/\/www.set.ch\/it\/uber-uns\/","title":{"rendered":"\u00dcber uns"},"content":{"rendered":"<p><strong>Gesch\u00e4ftsleiter<\/strong><br \/>\nUrs Urech, urs.urech@set.ch<\/p>\n<p><strong>Administration<\/strong><br \/>\nAna Steink\u00fchler<\/p>\n<p><strong>Stiftungsziel<\/strong><br \/>\nDie Stiftung erarbeitet und f\u00f6rdert Lehrmittel, Unterrichts- und Informationsmaterial, die dem friedlichen Zusammenleben in unserer pluralistischen Gesellschaft dienen, zur Toleranz gegen\u00fcber Minderheiten erziehen sowie Rassismus und Antisemitismus bek\u00e4mpfen.<\/p>\n<p><strong>Stiftungszweck<\/strong><br \/>\n&#8211; Die SET lanciert das Spielmaterial und Schulungsangebot in der Fr\u00fchf\u00f6rderung. Die T-Box soll in Kitas und Spielgruppen sowie Kinderg\u00e4rten eingesetzt\u00a0\u00a0\u00a0 werden.<br \/>\nDamit positioniert sich die SET in der Toleranzf\u00f6rderung im Kleinkinderbereich.<br \/>\n&#8211; Die SET reagiert mit einem niederschwelligen Beratungsangebot auf Anfragen von Lehrpersonen zur wirksamen Bearbeitung von Antisemitismus in Schulen und Berufsschulen. Das von der SET unterst\u00fctzte Lehrmittel \u201eVerfolgt und vertrieben\u201c f\u00fcr den Holocaust Unterricht auf der Primarstufe wird bekannt gemacht.<br \/>\n&#8211; Die SET neu und st\u00e4rker positionieren bei den P\u00e4dagogischen Hochschulen und bei den Volksschul\u00e4mtern und Erziehungsdirektionen der Deutschschweizer Kantone. Die SET als Plattform f\u00fcr Lehrmittel zur Toleranzf\u00f6rderung etablieren.<br \/>\n&#8211; Die SET bringt die Toleranzf\u00f6rderung in die aktuell laufende Lehrplanumsetzung ein, insbesondere in die Bereiche Nachhaltige Entwicklung (BNE) und Holocaust Unterricht sowie in den Bereich der \u00fcberfachlichen Kompetenzen.<br \/>\n&#8211; Die SET wird zur Schnittstelle zwischen Schule, Weiterbildung f\u00fcr Lehrpersonen, Beratungs\u00acstellen gegen Rassismus, sowie J\u00fcdischen Museen, Zentren f\u00fcr J\u00fcdische Studien und weiteren Programmanbietern (NCBI, Likrat\/SIG, Iras Cotis).<\/p>\n<p><strong>T\u00e4tigkeitsfelder<\/strong><br \/>\nDie SET ist aktiv im Schulbereich vom Vorschulalter bis zum Maturit\u00e4tsabschluss sowie in der Lehrer\/innenbildung und \u2013weiterbildung. Neue schulische Programmangebote f\u00fcr die Sek 1 und Sek 2 sollen mit Partnerorganisationen entwickelt und lanciert werden, mitfinanziert von kantonalen und eidgen\u00f6ssischen \u00c4mtern sowie weiteren Stiftungen. Mittelfristig sollen die Programmangebote finanziell selbsttragend sein oder von Partnerorganisationen weitergef\u00fchrt werden.<\/p>\n<p><strong>Gesch\u00e4ftsstelle<\/strong><br \/>\nDer Gesch\u00e4ftsleiter Urs Urech steht f\u00fcr Anfragen zur Verf\u00fcgung, urs.urech@set.ch, 079 374 64 74, Kronengasse 26, 5400 Baden. Das Sekretariat unterst\u00fctzt die SET f\u00fcr die Administration. Adresse: SET Stiftung Erziehung zur Toleranz, Postfach, 8027 Z\u00fcrich, infoset@gra.ch<\/p>\n<p><strong>Stiftungsrat<\/strong><br \/>\nPr\u00e4sident: Dr. Ronnie Bernheim, Herrliberg; Mitglieder: Petra Bleisch Bouzar, Dr., Fribourg;<br \/>\nOlivia Derungs, Ron Halbright, Thalwil; Filippo Leutenegger, Z\u00fcrich; Sacha Lifschitz, Thalwil; Birmensdorf; Annek\u00e4thi Lutz-B\u00fchler, Z\u00fcrich; Nina Menghini, Rotkreuz; N\u00f6el Tshibango, Biel; Claudia de Weck, Z\u00fcrich; Lisa Wyss, Fribourg.<br \/>\nAdresse: SET Stiftung Erziehung zur Toleranz, Postfach, 8027 Z\u00fcrich, www.set.ch<\/p>\n<p><strong>Stifterin<\/strong><br \/>\nDie GRA Stiftung Gegen Rassismus und Antisemitismus gr\u00fcndete die SET im Jahr 1997 f\u00fcr die p\u00e4dagogischen T\u00e4tigkeitsfelder mit Kindern und Jugendlichen.<\/p>\n<p>Alle Mitglieder des Stiftungsrates arbeiten ehrenamtlich. Professionelle Mitarbeiter leiten die Gesch\u00e4ftsstelle. Die Stiftung SET verwendet ihre Mittel f\u00fcr einmalige und wiederkehrende Projekte in allen ihren T\u00e4tigkeitsfeldern. Die Stiftung besteht aus einem Stiftungsrat von derzeit sieben Personen. Der Stiftungsrat teilt sich in Arbeitsaussch\u00fcsse auf und wird von der Gesch\u00e4ftsstelle unterst\u00fctzt. Die Stiftung ist sowohl konfessionell wie auch politisch neutral. Die Stiftung untersteht der Kontrolle durch die Kantonale Stiftungsaufsicht in Z\u00fcrich.<\/p>\n<p>&nbsp;<\/p>\n<p><a href=\"\/kontakt\/\">Kontakt<\/a><\/p>\n<p><a href=\"\/spenden\/\">Spenden<\/a><\/p>\n<p><a href=\"\/partnerschaften\/\">Partnerschaft<\/a><\/p>\n<p><strong><a href=\"\/vorfall-melden\/\">Vorfall melden<\/a><\/strong><\/p>\n<hr \/>\n<p><a href=\"\/\">Home<\/a><\/p>\n","protected":false},"excerpt":{"rendered":"<p>Gesch\u00e4ftsleiter Urs Urech, urs.urech@set.ch Administration Ana Steink\u00fchler Stiftungsziel Die Stiftung erarbeitet und f\u00f6rdert Lehrmittel, Unterrichts- und Informationsmaterial, die dem friedlichen Zusammenleben in unserer pluralistischen Gesellschaft dienen, zur Toleranz gegen\u00fcber Minderheiten erziehen sowie Rassismus und Antisemitismus bek\u00e4mpfen. Stiftungszweck &#8211; Die SET<span class=\"read-more-cbtn\"> [weiterlesen]<\/span><\/p>\n","protected":false},"author":7,"featured_media":0,"parent":0,"menu_order":81,"comment_status":"closed","ping_status":"closed","template":"page-templates\/full-width.php","meta":{"inline_featured_image":false,"footnotes":""},"class_list":["post-7278","page","type-page","status-publish","hentry"],"aioseo_notices":[],"_links":{"self":[{"href":"https:\/\/www.set.ch\/it\/wp-json\/wp\/v2\/pages\/7278","targetHints":{"allow":["GET"]}}],"collection":[{"href":"https:\/\/www.set.ch\/it\/wp-json\/wp\/v2\/pages"}],"about":[{"href":"https:\/\/www.set.ch\/it\/wp-json\/wp\/v2\/types\/page"}],"author":[{"embeddable":true,"href":"https:\/\/www.set.ch\/it\/wp-json\/wp\/v2\/users\/7"}],"replies":[{"embeddable":true,"href":"https:\/\/www.set.ch\/it\/wp-json\/wp\/v2\/comments?post=7278"}],"version-history":[{"count":1,"href":"https:\/\/www.set.ch\/it\/wp-json\/wp\/v2\/pages\/7278\/revisions"}],"predecessor-version":[{"id":7279,"href":"https:\/\/www.set.ch\/it\/wp-json\/wp\/v2\/pages\/7278\/revisions\/7279"}],"wp:attachment":[{"href":"https:\/\/www.set.ch\/it\/wp-json\/wp\/v2\/media?parent=7278"}],"curies":[{"name":"wp","href":"https:\/\/api.w.org\/{rel}","templated":true}]}}