{"id":7250,"date":"2023-11-06T12:34:20","date_gmt":"2023-11-06T11:34:20","guid":{"rendered":"https:\/\/www.set.ch\/?page_id=7250"},"modified":"2023-11-06T12:34:20","modified_gmt":"2023-11-06T11:34:20","slug":"dallidea-allo-sviluppo-e-alla-distribuzione-della-t-box","status":"publish","type":"page","link":"https:\/\/www.set.ch\/it\/dallidea-allo-sviluppo-e-alla-distribuzione-della-t-box\/","title":{"rendered":"Dall\u2019idea allo sviluppo e alla distribuzione della T-Box"},"content":{"rendered":"<p>Ronnie Bernheim, presidente della SET (Fondazione Educazione alla tolleranza) e presidente onorario della GRA (Fondazione contro il razzismo e l\u2019antisemitismo) ha avviato e accompagnato numerosi progetti svizzeri contro l\u2019emarginazione. Molti di questi erano rivolti alle scuole e parte di campagne pubbliche contro la violenza e l\u2019emarginazione di ogni genere. In questo contesto \u00e8 maturata la consapevolezza che occorre incoraggiare i bambini a un comportamento empatico e al coraggio civile ancor prima che inizino la scuola. \u00c8 importante che i bambini sperimentino l&#8217;inclusione, l&#8217;empatia e il coraggio di intervenire in gruppo, e questo gi\u00e0 nei primi anni di vita, naturalmente in modo adeguato all&#8217;et\u00e0. Ronnie Bernheim ha quindi cercato un modo per creare e sfruttare le opportunit\u00e0 di apprendimento di queste competenze. Ha fondato un gruppo di progetto composto da membri della SET e della GRA e ha attribuito il mandato al rinomato Istituto Marie Meierhofer per il bambino, che \u00e8 stato poi portato avanti in stretta collaborazione con diversi nidi dell\u2019infanzia e un ampio gruppo di esperti. L&#8217;eccellente collaborazione e la ricca esperienza di tutti i partner del progetto hanno portato allo sviluppo, alla sperimentazione e al perfezionamento della T-Box. Ci\u00f2 \u00e8 stato possibile anche grazie al sostegno finanziario del servizio federale per la lotta al razzismo, di \u00e9ducation21 e della GRA.<\/p>\n","protected":false},"excerpt":{"rendered":"<p>Ronnie Bernheim, presidente della SET (Fondazione Educazione alla tolleranza) e presidente onorario della GRA (Fondazione contro il razzismo e l\u2019antisemitismo) ha avviato e accompagnato numerosi progetti svizzeri contro l\u2019emarginazione. Molti di questi erano rivolti alle scuole e parte di campagne<span class=\"read-more-cbtn\"> [weiterlesen]<\/span><\/p>\n","protected":false},"author":7,"featured_media":0,"parent":0,"menu_order":27,"comment_status":"closed","ping_status":"closed","template":"page-templates\/full-width-agb-page.php","meta":{"inline_featured_image":false,"footnotes":""},"class_list":["post-7250","page","type-page","status-publish","hentry"],"aioseo_notices":[],"_links":{"self":[{"href":"https:\/\/www.set.ch\/it\/wp-json\/wp\/v2\/pages\/7250","targetHints":{"allow":["GET"]}}],"collection":[{"href":"https:\/\/www.set.ch\/it\/wp-json\/wp\/v2\/pages"}],"about":[{"href":"https:\/\/www.set.ch\/it\/wp-json\/wp\/v2\/types\/page"}],"author":[{"embeddable":true,"href":"https:\/\/www.set.ch\/it\/wp-json\/wp\/v2\/users\/7"}],"replies":[{"embeddable":true,"href":"https:\/\/www.set.ch\/it\/wp-json\/wp\/v2\/comments?post=7250"}],"version-history":[{"count":1,"href":"https:\/\/www.set.ch\/it\/wp-json\/wp\/v2\/pages\/7250\/revisions"}],"predecessor-version":[{"id":7251,"href":"https:\/\/www.set.ch\/it\/wp-json\/wp\/v2\/pages\/7250\/revisions\/7251"}],"wp:attachment":[{"href":"https:\/\/www.set.ch\/it\/wp-json\/wp\/v2\/media?parent=7250"}],"curies":[{"name":"wp","href":"https:\/\/api.w.org\/{rel}","templated":true}]}}