{"id":5399,"date":"2021-06-03T07:57:36","date_gmt":"2021-06-03T05:57:36","guid":{"rendered":"https:\/\/www.set.ch\/?page_id=5399"},"modified":"2025-01-11T12:05:47","modified_gmt":"2025-01-11T11:05:47","slug":"kurs-vielfalt-kita","status":"publish","type":"page","link":"https:\/\/www.set.ch\/it\/t-box-kurse\/kurs-vielfalt-kita\/","title":{"rendered":"Kurs: Vielfalt in der Kita entdecken und erleben"},"content":{"rendered":"\r\n<div class=\"wp-block-spacer\" style=\"height: 20px;\" aria-hidden=\"true\">\u00a0<\/div>\r\n\r\n\r\n\r\n<h2 class=\"wp-block-heading\">Einen wertsch\u00e4tzenden Umgang mit Vielfalt in der Kita pflegen<\/h2>\r\n\r\n\r\n\r\n<p style=\"font-size: 18px;\">In Kitas begegnen sich Menschen mit unterschiedlichem Aussehen, verschiedenen Hintergr\u00fcnden, F\u00e4higkeiten und Interessen. Es ist die Aufgabe der Fachkr\u00e4fte, das Umfeld und die Gespr\u00e4che so zu gestalten, dass Vielfalt als Ressource wahrgenommen wird. Wie dies in der Praxis aussehen kann, ist Gegenstand dieser Weiterbildung.<\/p>\r\n\r\n\r\n\r\n<div class=\"wp-block-spacer\" style=\"height: 20px;\" aria-hidden=\"true\">\u00a0<\/div>\r\n\r\n<div class=\"testimonils-slider-wrap\">\r\n<h3 class=\"testimonils-title\">Was die Teilnehmer:innen zum Kurstag sagen<\/h3>\r\n<ul class=\"testimonils-slider js-testimonils-slider\">\r\n<li>Der Kurs war abwechslungsreich und spannend gestaltet. Viele wertvolle Inputs f\u00fcr den Alltag in der Kita. Wir freuen uns uns auf die Toleranzbox \ud83d\ude42<\/li>\r\n<li>Es war interessant und viele Ideen \ud83d\ude42<\/li>\r\n<li>Interessanter und lehrreicher Kurs, welcher neue Sichtweisen er\u00f6ffnet. Danke.<\/li>\r\n<li>Ich fand den Kurs sehr informationsreich.<\/li>\r\n<li>Ich fand es toll wie uns Praxisbeispiele und Ideen f\u00fcr die Umsetzung mitgegeben wurden. Ich konnte das Thema noch mehr vertiefen und wieder mehr im Alltag einbeziehen.<\/li>\r\n<li>Sehr gute Beispiele mit Praxisbezug. Die Kursleiterin ist sehr offen auf Fragen eingegangen und hat hilfreiche Tipps gegeben.<\/li>\r\n<li>Ich habe im Kurs viel neues gelernt, welches ich nun im Alltag umsetzen m\u00f6chte.<\/li>\r\n<li>Trotz bereits viel Wissen habe ich neues gelernt oder mir wurde bewusst, dass ich wieder vermehrt auf das Thema Vielfalt achten muss.<\/li>\r\n<li>Ich konnte viele Ideen mit in den Alltag nehmen, der Kurs erm\u00f6glichte mir einen Perspektivenwechsel und ich konnte meinen Horizont erweitern. Der Kurstag war sehr kurzweilig!<\/li>\r\n<\/ul>\r\n<div class=\"slider-controls\"><button class=\"slide-m-prev\" type=\"button\"><\/button>\r\n<div class=\"slide-m-dots\">\u00a0<\/div>\r\n<button class=\"slide-m-next\" type=\"button\"><\/button><\/div>\r\n<\/div>\r\n\r\n<h2 class=\"wp-block-heading\">Nutzen \/ Ziele<\/h2>\r\n\r\n\r\n\r\n<ul class=\"wp-block-list\">\r\n<li>Sie wissen, wie junge Kinder Unterschiede wahrnehmen<\/li>\r\n<li>Sie kennen die Bedeutung der fr\u00fchen Kindheit f\u00fcr die Entwicklung von Toleranz<\/li>\r\n<li>Sie wissen, worauf Sie in der Interaktion mit den Kindern besonders achten k\u00f6nnen, um einen wertsch\u00e4tzenden Umgang mit Vielfalt zu unterst\u00fctzen<\/li>\r\n<li>Sie erfahren, wie die Lernumgebung dazu beitragen kann, dass sich alle Kinder und Eltern willkommen f\u00fchlen<\/li>\r\n<\/ul>\r\n\r\n\r\n\r\n<h2 class=\"wp-block-heading\">QualiKita<\/h2>\r\n\r\n\r\n\r\n<p>Diese Weiterbildung unterst\u00fctzt auch den QualiKita-Entwicklungsbereich 3.<\/p>\r\n\r\n\r\n\r\n<h2 class=\"wp-block-heading\">Inhalt<\/h2>\r\n\r\n\r\n\r\n<p>In dieser Weiterbildung wird relevanten Fragen aus der Praxis nachgegangen:<\/p>\r\n\r\n\r\n\r\n<ul class=\"wp-block-list\">\r\n<li>Wie gelingt es Fachkr\u00e4ften, mit den Kindern \u00fcber Gemeinsamkeiten und Unterschiede ins Gespr\u00e4ch zu kommen?<\/li>\r\n<li>Wie sollen Sie reagieren, wenn ein Kind aufgrund seines Aussehens, seines Geschlechts oder seiner Herkunft ausgeschlossen wird?<\/li>\r\n<li>Und wie gehen Sie mit W\u00fcnschen von Eltern um, die ihren eigenen Erziehungsvorstellungen widersprechen?<\/li>\r\n<li>Ausserdem erhalten Sie viele Tipps, wie Sie das Thema Vielfalt im Kitaalltag aufgreifen und spielerisch f\u00fcr die Kinder erfahrbar machen k\u00f6nnen.<\/li>\r\n<\/ul>\r\n\r\n\r\n\r\n<h2 class=\"wp-block-heading\">Methodik \/ Arbeitsweisen<\/h2>\r\n\r\n\r\n\r\n<ul class=\"wp-block-list\">\r\n<li>Input<\/li>\r\n<li>Gruppenarbeiten<\/li>\r\n<li>Erfahrungsaustausch<\/li>\r\n<\/ul>\r\n\r\n\r\n\r\n<p>Diese Weiterbildung wird in Zusammenarbeit mit dem Marie Meierhofer Institut f\u00fcr das Kind angeboten und vom Kanton Aargau unterst\u00fctzt.<\/p>\r\n\r\n\r\n\r\n<h2 class=\"wp-block-heading\">Kurskosten<\/h2>\r\n\r\n\r\n\r\n\r\n\r\n<p>CHF 950<\/p>\r\n\r\n\r\n\r\n<p>Tageskurse mit 6 Lektionen bis max. 24 Kursteilnehmer:innen<\/p>\r\n\r\n\r\n\r\n<h2 class=\"wp-block-heading\">Kursdaten<\/h2>\r\n\r\n\r\n\r\n<p>Auf Anfrage vermitteln wir eine Kursleiterin.<\/p>\r\n\r\n\r\n\r\n<div class=\"wp-block-spacer\" style=\"height: 20px;\" aria-hidden=\"true\">\u00a0<\/div>\r\n\r\n\r\n<hr class=\"wp-block-separator\" \/>\r\n\r\n\r\n<h2 style=\"color: #12abac;\">Anmeldung<\/h2>\r\n\r\n\r\n\r\n<p><style>\r\nh2 {font-size:18px; font-weight:700}\r\n<\/style><\/p>\r\n\r\n\r\n\r\n<p>&nbsp;<\/p>\r\n\r\n<p><style>\r\nh1.page-title {\r\nfont-size:28px;\r\nfont-weight:700;\r\ncolor:#A5A6C8;\r\ntext-align:center;\r\n}\r\n<\/style><\/p>","protected":false},"excerpt":{"rendered":"<p>\u00a0 Einen wertsch\u00e4tzenden Umgang mit Vielfalt in der Kita pflegen In Kitas begegnen sich Menschen mit unterschiedlichem Aussehen, verschiedenen Hintergr\u00fcnden, F\u00e4higkeiten und Interessen. Es ist die Aufgabe der Fachkr\u00e4fte, das Umfeld und die Gespr\u00e4che so zu gestalten, dass Vielfalt als<span class=\"read-more-cbtn\"> [weiterlesen]<\/span><\/p>\n","protected":false},"author":7,"featured_media":0,"parent":5409,"menu_order":14,"comment_status":"closed","ping_status":"closed","template":"page-templates\/page-single-signup.php","meta":{"inline_featured_image":false,"footnotes":""},"class_list":["post-5399","page","type-page","status-publish","hentry"],"aioseo_notices":[],"_links":{"self":[{"href":"https:\/\/www.set.ch\/it\/wp-json\/wp\/v2\/pages\/5399","targetHints":{"allow":["GET"]}}],"collection":[{"href":"https:\/\/www.set.ch\/it\/wp-json\/wp\/v2\/pages"}],"about":[{"href":"https:\/\/www.set.ch\/it\/wp-json\/wp\/v2\/types\/page"}],"author":[{"embeddable":true,"href":"https:\/\/www.set.ch\/it\/wp-json\/wp\/v2\/users\/7"}],"replies":[{"embeddable":true,"href":"https:\/\/www.set.ch\/it\/wp-json\/wp\/v2\/comments?post=5399"}],"version-history":[{"count":19,"href":"https:\/\/www.set.ch\/it\/wp-json\/wp\/v2\/pages\/5399\/revisions"}],"predecessor-version":[{"id":7654,"href":"https:\/\/www.set.ch\/it\/wp-json\/wp\/v2\/pages\/5399\/revisions\/7654"}],"up":[{"embeddable":true,"href":"https:\/\/www.set.ch\/it\/wp-json\/wp\/v2\/pages\/5409"}],"wp:attachment":[{"href":"https:\/\/www.set.ch\/it\/wp-json\/wp\/v2\/media?parent=5399"}],"curies":[{"name":"wp","href":"https:\/\/api.w.org\/{rel}","templated":true}]}}