{"id":6168,"date":"2015-10-22T14:37:44","date_gmt":"2015-10-22T12:37:44","guid":{"rendered":"https:\/\/www.set.ch\/set\/finanzierung\/"},"modified":"2015-10-22T14:37:44","modified_gmt":"2015-10-22T12:37:44","slug":"finanzierung","status":"publish","type":"page","link":"https:\/\/www.set.ch\/fr\/set\/finanzierung\/","title":{"rendered":"Finanzierung"},"content":{"rendered":"<h2>Finanzierung<\/h2>\n<p>Die Stiftung ist auf regelm\u00e4ssige sowie auf projektbezogene Unterst\u00fctzung angewiesen.<br \/>\nViele Projekte werden durch das Engagement von Einzelpersonen, Firmen und Organisationen erm\u00f6glicht, die oft sehr grossz\u00fcgig finanziell oder mit Dienstleistungen und Produkten die Aktivit\u00e4ten der Stiftung unterst\u00fctzen. An dieser Stelle bedanken wir uns auch bei denjenigen, die jeweils nicht als Sponsoren gelistet sind.<br \/>\nDie Stiftung SET finanziert sich durch:<\/p>\n<ul>\n<li>Jahresbeitr\u00e4ge der Mitglieder des Stiftungsrates<\/li>\n<li>Regelm\u00e4ssige Zuwendungen von Stiftungen und Einzelpersonen<\/li>\n<li>Projektbezogene Unterst\u00fctzung durch staatliche Stellen<\/li>\n<li>Unterst\u00fctzung aus der Wirtschaft<\/li>\n<li>Spenden, Legate und Schenkungen, welche mit einem Verwendungszweck verbunden werden k\u00f6nnen<\/li>\n<\/ul>\n<p>&nbsp;<\/p>\n<h2>Gesuche<\/h2>\n<p>Die SET realisiert momentan eigene Projekte und nimmt keine Gesuche entgegen.<br \/>\nDie GRA Stiftung gegen Rassismus und Antisemitismus nimmt unter gewissen Umst\u00e4nden Gesuche von Dritten auf finanzielle Unterst\u00fctzung entgegen.<\/p>\n<p><a href=\"https:\/\/gra.ch\/gra\/ueber-uns\/finanzierung\/\">Weiter zur Webseite der GRA<\/a><br \/>\n&nbsp;<\/p>\n<p><a href=\"http:\/\/new.set-toleranz.ch\/gra\/ueber-uns\/\">zur\u00fcck<\/a><\/p>\n","protected":false},"excerpt":{"rendered":"<p>Finanzierung Die Stiftung ist auf regelm\u00e4ssige sowie auf projektbezogene Unterst\u00fctzung angewiesen. Viele Projekte werden durch das Engagement von Einzelpersonen, Firmen und Organisationen erm\u00f6glicht, die oft sehr grossz\u00fcgig finanziell oder mit Dienstleistungen und Produkten die Aktivit\u00e4ten der Stiftung unterst\u00fctzen. An dieser<span class=\"read-more-cbtn\"> [weiterlesen]<\/span><\/p>\n","protected":false},"author":5,"featured_media":0,"parent":6162,"menu_order":83,"comment_status":"closed","ping_status":"closed","template":"page-templates\/full-width.php","meta":{"inline_featured_image":false,"footnotes":""},"class_list":["post-6168","page","type-page","status-publish","hentry"],"aioseo_notices":[],"_links":{"self":[{"href":"https:\/\/www.set.ch\/fr\/wp-json\/wp\/v2\/pages\/6168","targetHints":{"allow":["GET"]}}],"collection":[{"href":"https:\/\/www.set.ch\/fr\/wp-json\/wp\/v2\/pages"}],"about":[{"href":"https:\/\/www.set.ch\/fr\/wp-json\/wp\/v2\/types\/page"}],"author":[{"embeddable":true,"href":"https:\/\/www.set.ch\/fr\/wp-json\/wp\/v2\/users\/5"}],"replies":[{"embeddable":true,"href":"https:\/\/www.set.ch\/fr\/wp-json\/wp\/v2\/comments?post=6168"}],"version-history":[{"count":0,"href":"https:\/\/www.set.ch\/fr\/wp-json\/wp\/v2\/pages\/6168\/revisions"}],"up":[{"embeddable":true,"href":"https:\/\/www.set.ch\/fr\/wp-json\/wp\/v2\/pages\/6162"}],"wp:attachment":[{"href":"https:\/\/www.set.ch\/fr\/wp-json\/wp\/v2\/media?parent=6168"}],"curies":[{"name":"wp","href":"https:\/\/api.w.org\/{rel}","templated":true}]}}