{"id":6152,"date":"2015-09-03T14:50:13","date_gmt":"2015-09-03T12:50:13","guid":{"rendered":"https:\/\/www.set.ch\/bildung\/bildung-und-erziehung\/"},"modified":"2023-08-21T15:23:30","modified_gmt":"2023-08-21T13:23:30","slug":"bildung-und-erziehung","status":"publish","type":"page","link":"https:\/\/www.set.ch\/fr\/bildung\/bildung-und-erziehung\/","title":{"rendered":"Bildung und Erziehung"},"content":{"rendered":"<p>Wir f\u00f6rdern die Vermittlung von Grundwerten wie Respekt und Toleranz. Diese Werte bereits Kindern und Jugendlichen zu vermitteln, geh\u00f6rt zu den Schwerpunkten unserer Arbeit.<\/p>\n<p>In einem ausf\u00fchrlichen Pl\u00e4doyer f\u00fcr eine tolerante Schulkultur beschreibt unser Gesch\u00e4ftsleiter Urs Urech verschiedene Aspekte der p\u00e4dagogischen Arbeit an Schulen und stellt Ressourcen, Projekte und Lehrmittel zur Toleranzf\u00f6rderung vor.<\/p>\n<p><a href=\"https:\/\/www.set.ch\/wp-content\/uploads\/2020\/11\/Tolerante-Schulkultur.pdf\" target=\"_blank\" rel=\"noopener\">Hier mehr lesen<\/a><\/p>\n<p>&nbsp;<\/p>\n<p>Nachfolgend Links zu unseren Projekten:<\/p>\n<p><a href=\"https:\/\/www.set.ch\/bildung\/online-social-writing-netzwerk-fuel\/\"><strong>Online-Social-Writing-Netzwerk \u00abFuel\u00bb<\/strong><\/a><\/p>\n<p>Bei \u00abFuel\u00bb findet die Interaktion im Gegensatz zu den g\u00e4ngigen Sozialen Netzwerken in einer modellhaften Welt statt, in der registrierte Nutzerinnen und Nutzer kurze Dialogtexte schreiben und auf jene von anderen Mitgliedern antworten. Die Schreibenden nehmen dabei die Rolle einer bestimmten Figur ein, die sie zuvor in einem Drehbuchtext kennengelernt haben.<\/p>\n<p><a href=\"https:\/\/www.set.ch\/bildung\/app-fliehen-vor-dem-holocaust-meine-begegnung-mit-gefluechteten\/\"><b>Lern-App \u00abFliehen vor dem Holocaust. Meine Begegnung mit Gefl\u00fcchteten\u00bb<\/b><\/a><\/p>\n<p>Die neue interaktive App erschliesst Jugendlichen \u00fcber das Medium Film einen Zugang zu Flucht und Vernichtung im Holocaust.<\/p>\n<p><strong><a href=\"https:\/\/gra.ch\/bildung\/hate-speech\/\" target=\"_blank\" rel=\"noopener\">Hate Speech\/Hassrede im Internet<\/a><\/strong><\/p>\n<p>Was tun bei Hetze gegen Minderheiten im Netz? Vom verantwortungsvollen Umgang mit Hate Speech und Hasskommentaren im Internet.<\/p>\n<p><a href=\"https:\/\/gra.ch\/bildung\/e-learning-tool\" target=\"_blank\" rel=\"noopener\"><strong>E-Learning Tool<\/strong><\/a><\/p>\n<p style=\"text-align: left;\">Der interaktive Online-Kurs vermittelt auf moderne Art Wissen \u00fcber historisch belastete Begriffe.<\/p>\n<p><a href=\"https:\/\/gra.ch\/bildung\/umgang-mit-rassismus-und-antisemitismus-an-schulen\/\" target=\"_blank\" rel=\"noopener\"><strong>Umgang mit Rassismus und Antisemitismus an Schulen<\/strong><\/a><\/p>\n<p>Bei rassistischen und antisemitischen Vorf\u00e4llen an Schulen kann die GRA zwecks Vermittlung von Kontakten und Informationen angefragt werden.<\/p>\n<p style=\"text-align: left;\"><a href=\"https:\/\/www.gra.ch\/bildung\/glossar\/\" target=\"_blank\" rel=\"noopener\"><strong>GRA-Glossar<\/strong><\/a><\/p>\n<p style=\"text-align: left;\">Der GRA-Glossar er\u00f6rtert historisch belastete und vermeintlich belastete Begriffe, die in der aktuellen Debatte zwar h\u00e4ufig auftauchen, \u00fcber deren genaue Bedeutung jedoch oft Unklarheit besteht.<\/p>\n<p><a href=\"https:\/\/www.set.ch\/projekte\/toleranz-box\/\" target=\"_blank\" rel=\"noopener\"><strong>Fr\u00fchkindliche Bildung mit T-Box<\/strong><\/a><\/p>\n<p>Mit der \u00ab\u00a0Toleranz Box\u00a0\u00bb sollen Kinder im Vorschulalter spielerisch einen vorurteilsfreien Umgang mit Unterschieden und Gemeinsamkeiten erfahren.<\/p>\n<p><a href=\"https:\/\/www.set.ch\/fr\/bildung\/polenreisen\/\"><strong>Polenreisen<\/strong><\/a><\/p>\n<p>Die GRA unterst\u00fctzt zusammen mit der Augustin Keller Loge (AKL) und der Gamaraal Foundation Studien-Reisen nach Auschwitz.<\/p>\n<p style=\"text-align: left;\"><strong><a href=\"https:\/\/gra.ch\/bildung\/lehrmittel\/\" target=\"_blank\" rel=\"noopener\">Lehrmittel<\/a><\/strong><\/p>\n<p style=\"text-align: left;\">Die GRA hat zusammen mit der SET Stiftung Erziehung zur Toleranz viele wertvolle Lehrmittel entwickelt, welche Lehrpersonen als Einstieg in manchmal schwierig zu vermittelnde Themen wie Gewalt, Rassismus, Antisemitismus und Diskriminierung, dienen.<\/p>\n<p style=\"text-align: left;\">Die GRA f\u00f6rdert und unterst\u00fctzt gemeinsam mit der Gesellschaft Minderheiten in der Schweiz (GMS) die Sigi-Feigel-Gastprofessur f\u00fcr J\u00fcdische Studien an der Universit\u00e4t Z\u00fcrich.<\/p>\n<p style=\"text-align: left;\"><a href=\"https:\/\/gra.ch\/bildung\/links\/\" target=\"_blank\" rel=\"noopener\"><strong>Links<\/strong><\/a><\/p>\n<hr \/>\n<p style=\"text-align: left;\"><a href=\"\/\">Home<\/a><\/p>\n","protected":false},"excerpt":{"rendered":"<p>Wir f\u00f6rdern die Vermittlung von Grundwerten wie Respekt und Toleranz. Diese Werte bereits Kindern und Jugendlichen zu vermitteln, geh\u00f6rt zu den Schwerpunkten unserer Arbeit. In einem ausf\u00fchrlichen Pl\u00e4doyer f\u00fcr eine tolerante Schulkultur beschreibt unser Gesch\u00e4ftsleiter Urs Urech verschiedene Aspekte der<span class=\"read-more-cbtn\"> [weiterlesen]<\/span><\/p>\n","protected":false},"author":5,"featured_media":5883,"parent":6149,"menu_order":57,"comment_status":"closed","ping_status":"closed","template":"page-templates\/full-width.php","meta":{"inline_featured_image":false,"footnotes":""},"class_list":["post-6152","page","type-page","status-publish","has-post-thumbnail","hentry"],"aioseo_notices":[],"_links":{"self":[{"href":"https:\/\/www.set.ch\/fr\/wp-json\/wp\/v2\/pages\/6152","targetHints":{"allow":["GET"]}}],"collection":[{"href":"https:\/\/www.set.ch\/fr\/wp-json\/wp\/v2\/pages"}],"about":[{"href":"https:\/\/www.set.ch\/fr\/wp-json\/wp\/v2\/types\/page"}],"author":[{"embeddable":true,"href":"https:\/\/www.set.ch\/fr\/wp-json\/wp\/v2\/users\/5"}],"replies":[{"embeddable":true,"href":"https:\/\/www.set.ch\/fr\/wp-json\/wp\/v2\/comments?post=6152"}],"version-history":[{"count":1,"href":"https:\/\/www.set.ch\/fr\/wp-json\/wp\/v2\/pages\/6152\/revisions"}],"predecessor-version":[{"id":6554,"href":"https:\/\/www.set.ch\/fr\/wp-json\/wp\/v2\/pages\/6152\/revisions\/6554"}],"up":[{"embeddable":true,"href":"https:\/\/www.set.ch\/fr\/wp-json\/wp\/v2\/pages\/6149"}],"wp:featuredmedia":[{"embeddable":true,"href":"https:\/\/www.set.ch\/fr\/wp-json\/wp\/v2\/media\/5883"}],"wp:attachment":[{"href":"https:\/\/www.set.ch\/fr\/wp-json\/wp\/v2\/media?parent=6152"}],"curies":[{"name":"wp","href":"https:\/\/api.w.org\/{rel}","templated":true}]}}