{"id":4170,"date":"2018-05-28T14:54:51","date_gmt":"2018-05-28T12:54:51","guid":{"rendered":"https:\/\/new.set-toleranz.ch\/?page_id=4170"},"modified":"2018-06-14T10:46:32","modified_gmt":"2018-06-14T08:46:32","slug":"app-fliehen-vor-dem-holocaust-meine-begegnung-mit-gefluechteten","status":"publish","type":"page","link":"https:\/\/www.set.ch\/fr\/bildung\/app-fliehen-vor-dem-holocaust-meine-begegnung-mit-gefluechteten\/","title":{"rendered":"Lern-App \u00abFliehen vor dem Holocaust. Meine Begegnung mit Gefl\u00fcchteten\u00bb"},"content":{"rendered":"<p><strong>Die neue interaktive App f\u00fcr Jugendliche. Download im Google PlayStore und Apple AppStore.<\/strong><\/p>\n<p><a href=\"https:\/\/itunes.apple.com\/app\/fliehen-vor-dem-holocaust\/\">zum App Store Download<\/a> \/ <a href=\"https:\/\/play.google.com\/store\/apps\/details?id=at.erinnern.fliehen\">zum Google PlayStore Download<\/a><\/p>\n<p>&nbsp;<\/p>\n<p><iframe loading=\"lazy\" src=\"https:\/\/www.youtube.com\/embed\/nMs85pHf_C4?rel=0\" width=\"560\" height=\"315\" frameborder=\"0\" allowfullscreen=\"allowfullscreen\"><\/iframe><\/p>\n<p>&nbsp;<\/p>\n<p>Flucht ist ein bewegendes gegenw\u00e4rtiges und historisches Ph\u00e4nomen. Noch nie in der Menschheitsgeschichte waren so viele Menschen auf der Flucht wie heute. Fliehen mussten die Menschen auch vor der Vernichtung im Holocaust.<\/p>\n<p>&nbsp;<\/p>\n<p>Immer weniger der in den 1930er- und 1940er-Jahren geflohenen Menschen k\u00f6nnen von ihren Erfahrungen erz\u00e4hlen; und trotzdem bleibt die Erz\u00e4hlung von Betroffenen f\u00fcr Jugendliche die eindrucksvollste Quelle.<\/p>\n<p>&nbsp;<\/p>\n<p>Die Lern-App \u00abFliehen vor dem Holocaust. Meine Begegnung mit Gefl\u00fcchteten\u00bb erschliesst Jugendlichen \u00fcber das Medium Film einen Zugang zu diesen historischen Erfahrungen. Die App kann sowohl im Unterricht als auch in der Jugendarbeit oder individuell genutzt werden. F\u00fcr Lehrpersonen steht ein informatives Handbuch bereit.<\/p>\n<p>&nbsp;<\/p>\n<p>Die App erm\u00f6glicht individuelles Lernen: Die Jugendlichen w\u00e4hlen eine Person aus, vertiefen einzelne Aspekte, die sie interessieren, und erstellen ein pers\u00f6nliches Album ihrer Begegnung. Indem sie diese Erkenntnisse jemandem mitteilen und\/oder in der Klasse austauschen, lernen sie voneinander. Sie lernen Erinnerungen mit historischen Dokumenten zusammenzubringen sowie beide quellenkritisch zu betrachten.<\/p>\n<p>&nbsp;<\/p>\n<p><strong>Die moderne Geschichts-App wurde von der P\u00e4dagogischen Hochschule Luzern zusammen mit der FH Vorarlberg und \u00aberinnern.at\u00bb, das Institut f\u00fcr Holocaust Education (\u00d6sterreich), f\u00fcr den Schulunterricht entwickelt und bietet Jugendlichen ein zeitgem\u00e4sses digitales Lernangebot \u00fcber den Holocaust an.<\/strong><\/p>\n<p>&nbsp;<\/p>\n<p>Weitere Informationen unter: <a href=\"https:\/\/www.phlu.ch\/ige\">https:\/\/www.phlu.ch\/ige<\/a> und: <a href=\"http:\/\/www.erinnern.at\/app-fliehen\">http:\/\/www.erinnern.at\/app-fliehen<\/a><\/p>\n<p>&nbsp;<\/p>\n<p><a href=\"https:\/\/cdn.phlu.ch\/phlu\/corporate\/1331ba6f3ab20987448b4485927b89efd1f7be4b\/Flyer_Fliehen%20vor%20dem%20Holocast_Druck.pdf\">Flyer_Fliehen vor dem Holocaust\u00a0(PDF, 1.0M)<\/a><\/p>\n<p><a href=\"http:\/\/www.erinnern.at\/app-fliehen\/zeitzeugen\">ZeitzeugInnen\u00a0(www.erinnern.at)<\/a><\/p>\n<p><a href=\"http:\/\/www.erinnern.at\/app-fliehen\/downloads\">Downloads\u00a0(www.erinnern.at)<\/a><\/p>\n<p><a href=\"http:\/\/www.erinnern.at\/app-fliehen\/hintergrundinfos\">Hintergrundinformationen\u00a0(www.erinnern.at)<\/a><\/p>\n<p><a href=\"http:\/\/www.erinnern.at\/app-fliehen\/sponsoren\">\u00dcber das Projekt\u00a0(www.erinnern.at)<\/a><\/p>\n<h3>Lehrerhandreichungen<\/h3>\n<p><a href=\"https:\/\/cdn.phlu.ch\/phlu\/corporate\/761a83e7e354bc39c01f961d4c853b50ee853dc6\/Lehrerhandreichung_Lern_App_Fliehen%20vor%20dem%20Holocaust.pdf\">Lehrerhandreichung_Lern_App_Fliehen vor dem Holocaust\u00a0(PDF, 178.7K)<\/a><\/p>\n<p><a href=\"https:\/\/cdn.phlu.ch\/phlu\/corporate\/ad256508183a6f9274b02b55078ddc1697e0dc5b\/Lehrerhandreichung_Eva_Koralnik.pdf\">Lehrerhandreichung_Eva_Koralnik\u00a0(PDF, 9.5M)<\/a><\/p>\n<p><a href=\"https:\/\/cdn.phlu.ch\/phlu\/corporate\/6219e7c439a86cefc60f2173d8c82c52ec7010a8\/Lehrerhandreichung_Sophie_Haber.pdf\">Lehrerhandreichung_Sophie_Haber\u00a0(PDF, 4.0M)<\/a><\/p>\n<p><a href=\"https:\/\/cdn.phlu.ch\/phlu\/corporate\/3b8a401ccabb0e9e26d7525e2a82b146c455e3d8\/Lehrerhandreichung%20Paul%20Schaffer.pdf\">Lehrerhandreichung Paul Schaffer\u00a0(PDF, 5.5M)<\/a><\/p>\n","protected":false},"excerpt":{"rendered":"<p>Die neue interaktive App f\u00fcr Jugendliche. Download im Google PlayStore und Apple AppStore. zum App Store Download \/ zum Google PlayStore Download &nbsp; &nbsp; Flucht ist ein bewegendes gegenw\u00e4rtiges und historisches Ph\u00e4nomen. Noch nie in der Menschheitsgeschichte waren so viele<span class=\"read-more-cbtn\"> [weiterlesen]<\/span><\/p>\n","protected":false},"author":5,"featured_media":4171,"parent":35,"menu_order":43,"comment_status":"closed","ping_status":"closed","template":"page-templates\/full-width.php","meta":{"inline_featured_image":false,"footnotes":""},"class_list":["post-4170","page","type-page","status-publish","has-post-thumbnail","hentry"],"aioseo_notices":[],"_links":{"self":[{"href":"https:\/\/www.set.ch\/fr\/wp-json\/wp\/v2\/pages\/4170","targetHints":{"allow":["GET"]}}],"collection":[{"href":"https:\/\/www.set.ch\/fr\/wp-json\/wp\/v2\/pages"}],"about":[{"href":"https:\/\/www.set.ch\/fr\/wp-json\/wp\/v2\/types\/page"}],"author":[{"embeddable":true,"href":"https:\/\/www.set.ch\/fr\/wp-json\/wp\/v2\/users\/5"}],"replies":[{"embeddable":true,"href":"https:\/\/www.set.ch\/fr\/wp-json\/wp\/v2\/comments?post=4170"}],"version-history":[{"count":8,"href":"https:\/\/www.set.ch\/fr\/wp-json\/wp\/v2\/pages\/4170\/revisions"}],"predecessor-version":[{"id":4180,"href":"https:\/\/www.set.ch\/fr\/wp-json\/wp\/v2\/pages\/4170\/revisions\/4180"}],"up":[{"embeddable":true,"href":"https:\/\/www.set.ch\/fr\/wp-json\/wp\/v2\/pages\/35"}],"wp:featuredmedia":[{"embeddable":true,"href":"https:\/\/www.set.ch\/fr\/wp-json\/wp\/v2\/media\/4171"}],"wp:attachment":[{"href":"https:\/\/www.set.ch\/fr\/wp-json\/wp\/v2\/media?parent=4170"}],"curies":[{"name":"wp","href":"https:\/\/api.w.org\/{rel}","templated":true}]}}